{"id":197,"date":"2016-04-22T11:44:32","date_gmt":"2016-04-22T09:44:32","guid":{"rendered":"http:\/\/techmarservice.pl\/oferta\/czesci-sprezarek-chlodniczych\/?lang=en"},"modified":"2016-09-22T13:39:34","modified_gmt":"2016-09-22T11:39:34","slug":"cooling-compressors-parts","status":"publish","type":"page","link":"http:\/\/techmarservice.pl\/en\/offer\/cooling-compressors-parts\/","title":{"rendered":"Cooling compressors parts"},"content":{"rendered":"<p>Offering a wide selection of spare parts for cooling units: 3W92, 6W92, 10W92 produced by Wytw\u00f3rnia Urz\u0105dze\u0144 Ch\u0142odniczych \u201cPZL \u2013 D\u0119bica\u201d S.A., at attractive prices. In our offer:<\/p>\n<ul>\n<li>Flexible coupling inserts<\/li>\n<li>Crankshaft half-bearing<\/li>\n<li>Main bearing pans<\/li>\n<li>Cylinder bushings<\/li>\n<li>Pistons<\/li>\n<li>Crankshafts<\/li>\n<li>Chokes<\/li>\n<li>Sealing rings for cylindrical bushing and for pan<\/li>\n<li>Graphite rings for choke<\/li>\n<li>Working valves<\/li>\n<li>Flat springs<\/li>\n<li>Working plates<\/li>\n<li>Head gaskets and many more parts<\/li>\n<\/ul>\n<p><img class=\"alignnone size-full wp-image-88\" src=\"http:\/\/techmarservice.pl\/wp-content\/uploads\/2016\/04\/sprezarki_chlodnicze_czesci.png\" alt=\"sprezarki_chlodnicze_czesci\" width=\"600\" srcset=\"http:\/\/techmarservice.pl\/wp-content\/uploads\/2016\/04\/sprezarki_chlodnicze_czesci.png 1024w, http:\/\/techmarservice.pl\/wp-content\/uploads\/2016\/04\/sprezarki_chlodnicze_czesci-300x204.png 300w, http:\/\/techmarservice.pl\/wp-content\/uploads\/2016\/04\/sprezarki_chlodnicze_czesci-768x523.png 768w\" sizes=\"(max-width: 1024px) 100vw, 1024px\" \/><\/p>\n","protected":false},"excerpt":{"rendered":"<p>Offering a wide selection of spare parts for cooling units: 3W92, 6W92, 10W92 produced by Wytw\u00f3rnia Urz\u0105dze\u0144 Ch\u0142odniczych \u201cPZL \u2013 D\u0119bica\u201d S.A., at attractive prices. In our offer: Flexible coupling inserts Crankshaft half-bearing Main bearing pans Cylinder bushings Pistons Crankshafts Chokes Sealing rings for cylindrical bushing and for pan Graphite rings for choke Working valves [&hellip;]<\/p>\n","protected":false},"author":1,"featured_media":0,"parent":195,"menu_order":0,"comment_status":"closed","ping_status":"closed","template":"page-oferta.php","meta":[],"yoast_head":"<!-- This site is optimized with the Yoast SEO plugin v14.9 - https:\/\/yoast.com\/wordpress\/plugins\/seo\/ -->\n<meta name=\"robots\" content=\"index, follow, max-snippet:-1, max-image-preview:large, max-video-preview:-1\" \/>\n<link rel=\"canonical\" href=\"http:\/\/techmarservice.pl\/en\/offer\/cooling-compressors-parts\/\" \/>\n<meta property=\"og:locale\" content=\"en_US\" \/>\n<meta property=\"og:type\" content=\"article\" \/>\n<meta property=\"og:title\" content=\"Cooling compressors parts - Techmar Service\" \/>\n<meta property=\"og:description\" content=\"Offering a wide selection of spare parts for cooling units: 3W92, 6W92, 10W92 produced by Wytw\u00f3rnia Urz\u0105dze\u0144 Ch\u0142odniczych \u201cPZL \u2013 D\u0119bica\u201d S.A., at attractive prices. In our offer: Flexible coupling inserts Crankshaft half-bearing Main bearing pans Cylinder bushings Pistons Crankshafts Chokes Sealing rings for cylindrical bushing and for pan Graphite rings for choke Working valves [&hellip;]\" \/>\n<meta property=\"og:url\" content=\"http:\/\/techmarservice.pl\/en\/offer\/cooling-compressors-parts\/\" \/>\n<meta property=\"og:site_name\" content=\"Techmar\" \/>\n<meta property=\"article:modified_time\" content=\"2016-09-22T11:39:34+00:00\" \/>\n<meta property=\"og:image\" content=\"http:\/\/techmarservice.pl\/wp-content\/uploads\/2016\/04\/sprezarki_chlodnicze_czesci.png\" \/>\n<meta name=\"twitter:card\" content=\"summary\" \/>\n<script type=\"application\/ld+json\" class=\"yoast-schema-graph\">{\"@context\":\"https:\/\/schema.org\",\"@graph\":[{\"@type\":\"WebSite\",\"@id\":\"http:\/\/techmarservice.pl\/en\/#website\",\"url\":\"http:\/\/techmarservice.pl\/en\/\",\"name\":\"Techmar\",\"description\":\"Cz\\u0119\\u015bci zamienne do wir\\u00f3wek Alfa Laval\",\"potentialAction\":[{\"@type\":\"SearchAction\",\"target\":\"http:\/\/techmarservice.pl\/en\/?s={search_term_string}\",\"query-input\":\"required name=search_term_string\"}],\"inLanguage\":\"en-US\"},{\"@type\":\"ImageObject\",\"@id\":\"http:\/\/techmarservice.pl\/en\/offer\/cooling-compressors-parts\/#primaryimage\",\"inLanguage\":\"en-US\",\"url\":\"http:\/\/techmarservice.pl\/wp-content\/uploads\/2016\/04\/sprezarki_chlodnicze_czesci.png\",\"width\":1024,\"height\":697},{\"@type\":\"WebPage\",\"@id\":\"http:\/\/techmarservice.pl\/en\/offer\/cooling-compressors-parts\/#webpage\",\"url\":\"http:\/\/techmarservice.pl\/en\/offer\/cooling-compressors-parts\/\",\"name\":\"Cooling compressors parts - Techmar Service\",\"isPartOf\":{\"@id\":\"http:\/\/techmarservice.pl\/en\/#website\"},\"primaryImageOfPage\":{\"@id\":\"http:\/\/techmarservice.pl\/en\/offer\/cooling-compressors-parts\/#primaryimage\"},\"datePublished\":\"2016-04-22T09:44:32+00:00\",\"dateModified\":\"2016-09-22T11:39:34+00:00\",\"breadcrumb\":{\"@id\":\"http:\/\/techmarservice.pl\/en\/offer\/cooling-compressors-parts\/#breadcrumb\"},\"inLanguage\":\"en-US\",\"potentialAction\":[{\"@type\":\"ReadAction\",\"target\":[\"http:\/\/techmarservice.pl\/en\/offer\/cooling-compressors-parts\/\"]}]},{\"@type\":\"BreadcrumbList\",\"@id\":\"http:\/\/techmarservice.pl\/en\/offer\/cooling-compressors-parts\/#breadcrumb\",\"itemListElement\":[{\"@type\":\"ListItem\",\"position\":1,\"item\":{\"@type\":\"WebPage\",\"@id\":\"http:\/\/techmarservice.pl\/en\/\",\"url\":\"http:\/\/techmarservice.pl\/en\/\",\"name\":\"Strona g\\u0142\\u00f3wna\"}},{\"@type\":\"ListItem\",\"position\":2,\"item\":{\"@type\":\"WebPage\",\"@id\":\"http:\/\/techmarservice.pl\/en\/offer\/\",\"url\":\"http:\/\/techmarservice.pl\/en\/offer\/\",\"name\":\"Offer\"}},{\"@type\":\"ListItem\",\"position\":3,\"item\":{\"@type\":\"WebPage\",\"@id\":\"http:\/\/techmarservice.pl\/en\/offer\/cooling-compressors-parts\/\",\"url\":\"http:\/\/techmarservice.pl\/en\/offer\/cooling-compressors-parts\/\",\"name\":\"Cooling compressors parts\"}}]}]}<\/script>\n<!-- \/ Yoast SEO plugin. -->","_links":{"self":[{"href":"http:\/\/techmarservice.pl\/en\/wp-json\/wp\/v2\/pages\/197"}],"collection":[{"href":"http:\/\/techmarservice.pl\/en\/wp-json\/wp\/v2\/pages"}],"about":[{"href":"http:\/\/techmarservice.pl\/en\/wp-json\/wp\/v2\/types\/page"}],"author":[{"embeddable":true,"href":"http:\/\/techmarservice.pl\/en\/wp-json\/wp\/v2\/users\/1"}],"replies":[{"embeddable":true,"href":"http:\/\/techmarservice.pl\/en\/wp-json\/wp\/v2\/comments?post=197"}],"version-history":[{"count":3,"href":"http:\/\/techmarservice.pl\/en\/wp-json\/wp\/v2\/pages\/197\/revisions"}],"predecessor-version":[{"id":519,"href":"http:\/\/techmarservice.pl\/en\/wp-json\/wp\/v2\/pages\/197\/revisions\/519"}],"up":[{"embeddable":true,"href":"http:\/\/techmarservice.pl\/en\/wp-json\/wp\/v2\/pages\/195"}],"wp:attachment":[{"href":"http:\/\/techmarservice.pl\/en\/wp-json\/wp\/v2\/media?parent=197"}],"curies":[{"name":"wp","href":"https:\/\/api.w.org\/{rel}","templated":true}]}}